{"id":148,"date":"2025-07-01T16:46:54","date_gmt":"2025-07-01T14:46:54","guid":{"rendered":"https:\/\/annemarieshofet.com\/?page_id=148"},"modified":"2025-08-04T12:55:32","modified_gmt":"2025-08-04T10:55:32","slug":"impressum","status":"publish","type":"page","link":"https:\/\/annemarieshofet.com\/?page_id=148","title":{"rendered":"impressum"},"content":{"rendered":"\t\t<div data-elementor-type=\"wp-page\" data-elementor-id=\"148\" class=\"elementor elementor-148\" data-elementor-post-type=\"page\">\n\t\t\t\t<div class=\"elementor-element elementor-element-5626fbf e-flex e-con-boxed e-con e-parent\" data-id=\"5626fbf\" data-element_type=\"container\" data-settings=\"{&quot;_ob_use_container_extras&quot;:&quot;no&quot;,&quot;_ob_column_hoveranimator&quot;:&quot;no&quot;,&quot;_ob_glider_is_slider&quot;:&quot;no&quot;,&quot;_ob_column_has_pseudo&quot;:&quot;no&quot;}\">\n\t\t\t\t\t<div class=\"e-con-inner\">\n\t\t\t\t<div data-dce-background-overlay-color=\"#FFFFFF00\" class=\"elementor-element elementor-element-b57d39d ob-has-background-overlay elementor-widget elementor-widget-dce-animatedoffcanvasmenu\" data-id=\"b57d39d\" data-element_type=\"widget\" data-settings=\"{&quot;animatedoffcanvasmenu_rate_mobile&quot;:{&quot;unit&quot;:&quot;px&quot;,&quot;size&quot;:100,&quot;sizes&quot;:[]},&quot;aocm_position&quot;:&quot;right&quot;,&quot;side_background&quot;:&quot;show&quot;,&quot;time_side_background_opening&quot;:{&quot;unit&quot;:&quot;ms&quot;,&quot;size&quot;:400,&quot;sizes&quot;:[]},&quot;time_menu_pane_opening&quot;:{&quot;unit&quot;:&quot;ms&quot;,&quot;size&quot;:400,&quot;sizes&quot;:[]},&quot;time_menu_list_opening&quot;:{&quot;unit&quot;:&quot;ms&quot;,&quot;size&quot;:1000,&quot;sizes&quot;:[]},&quot;time_menu_list_stagger&quot;:{&quot;unit&quot;:&quot;ms&quot;,&quot;size&quot;:500,&quot;sizes&quot;:[]},&quot;animatedoffcanvasmenu_rate&quot;:{&quot;unit&quot;:&quot;%&quot;,&quot;size&quot;:45,&quot;sizes&quot;:[]},&quot;animatedoffcanvasmenu_rate_laptop&quot;:{&quot;unit&quot;:&quot;px&quot;,&quot;size&quot;:&quot;&quot;,&quot;sizes&quot;:[]},&quot;animatedoffcanvasmenu_rate_tablet&quot;:{&quot;unit&quot;:&quot;px&quot;,&quot;size&quot;:&quot;&quot;,&quot;sizes&quot;:[]},&quot;hover_timingFunction&quot;:&quot;ease-in-out&quot;,&quot;_ob_perspektive_use&quot;:&quot;no&quot;,&quot;_ob_poopart_use&quot;:&quot;yes&quot;,&quot;_ob_shadough_use&quot;:&quot;no&quot;,&quot;_ob_allow_hoveranimator&quot;:&quot;no&quot;,&quot;_ob_widget_stalker_use&quot;:&quot;no&quot;}\" data-widget_type=\"dce-animatedoffcanvasmenu.default\">\n\t\t\t\t<div class=\"elementor-widget-container\">\n\t\t\t\n\t\t<div class=\"dce-menu-aocm-strip\">\n\n\t\t\t<div class=\"dce-button-wrapper\">\n\t\t\t\t<div class=\"dce-button-hamburger\">\n\n\t\t\t\t\t\t\t\t\t\t<svg version=\"2\" id=\"dce_hamburger\" class=\"bars\" xmlns=\"http:\/\/www.w3.org\/2000\/svg\" xmlns=\"http:\/\/www.w3.org\/2000\/svg\" viewBox=\"0 0 80 80\" preserveAspectRatio=\"xMidYMin slice\">\n\n\t\t\t\t\t\t\t\t\t\t\t\t\t<g><line x1=\"0\" y1=\"20\" x2=\"80\" y2=\"20\"\/><\/g>\n\t\t\t\t\t\t\t<g><line x1=\"0\" y1=\"40\" x2=\"80\" y2=\"40\"\/><\/g>\n\t\t\t\t\t\t\t<g><line x1=\"0\" y1=\"60\" x2=\"80\" y2=\"60\"\/><\/g>\n\t\t\t\t\t\t\t\t\t\t\t\t<\/svg>\n\t\t\t\t\t\n\t\t\t\t<\/div>\n\t\t\t<\/div>\n\t\t<\/div>\n\n\t\t<div id=\"animatedoffcanvasmenu-b57d39d\" class=\"dce-menu-aocm-wrap animatedoffcanvasmenu\">\n\t\t\t\t\t\t\t<div class=\"dce-bg\"><\/div>\n\t\t\t\t\t\t<div class=\"dce-nav\">\n\t\t\t\t<div class=\"dce-menu-aocm\">\n\t\t\t\t\t<div class=\"dce-close close-hidden close-x\" aria-label=\"Close\">\n\n\t\t\t\t\t\t\n\t\t\t\t\t\t\n\t\t\t\t\t\t\t\t\t\t\t\t\t<span class=\"dce-quit-ics\"><\/span>\n\t\t\t\t\t\t\t\t\t\t\t\t<\/div>\n\n\t\t\t\t\t<div class=\"dce-nav-menu\">\n\n\t\t\t\t\t\t\n\t\t\t\t\t\t<div class=\"menu-annemarie-shofet-main-container\"><ul id=\"dce-ul-menu\" class=\"menu\"><li id=\"menu-item-381\" class=\"menu-item menu-item-type-post_type menu-item-object-page menu-item-381\"><span class=\"menu-item-wrap\"><a href=\"https:\/\/annemarieshofet.com\/?page_id=352\">HALLEN 06<\/a><\/span><\/li>\n<li id=\"menu-item-232\" class=\"menu-item menu-item-type-post_type menu-item-object-page menu-item-232\"><span class=\"menu-item-wrap\"><a href=\"https:\/\/annemarieshofet.com\/?page_id=157\">ABOUT<\/a><\/span><\/li>\n<li id=\"menu-item-236\" class=\"menu-item menu-item-type-post_type menu-item-object-page menu-item-236\"><span class=\"menu-item-wrap\"><a href=\"https:\/\/annemarieshofet.com\/?page_id=148\">IMPRESSUM<\/a><\/span><\/li>\n<li id=\"menu-item-400\" class=\"menu-item menu-item-type-post_type menu-item-object-page menu-item-400\"><span class=\"menu-item-wrap\"><a href=\"https:\/\/annemarieshofet.com\/?page_id=395\">CONTACT<\/a><\/span><\/li>\n<\/ul><\/div>\n\t\t\t\t\t\t\t\t\t\t\t<\/div>\n\t\t\t\t<\/div>\n\t\t\t<\/div>\n\t\t<\/div>\n\t\t\t\t<\/div>\n\t\t\t\t<\/div>\n\t\t\t\t<div class=\"elementor-element elementor-element-d15be86 ob-harakiri-inherit ob-has-background-overlay elementor-widget elementor-widget-heading\" data-id=\"d15be86\" data-element_type=\"widget\" data-settings=\"{&quot;_ob_use_harakiri&quot;:&quot;yes&quot;,&quot;_ob_harakiri_writing_mode&quot;:&quot;inherit&quot;,&quot;_ob_harakiri_text_clip&quot;:&quot;none&quot;,&quot;_ob_perspektive_use&quot;:&quot;no&quot;,&quot;_ob_poopart_use&quot;:&quot;yes&quot;,&quot;_ob_shadough_use&quot;:&quot;no&quot;,&quot;_ob_allow_hoveranimator&quot;:&quot;no&quot;,&quot;_ob_widget_stalker_use&quot;:&quot;no&quot;}\" data-widget_type=\"heading.default\">\n\t\t\t\t<div class=\"elementor-widget-container\">\n\t\t\t<h2 class=\"elementor-heading-title elementor-size-default\"><a href=\"https:\/\/annemarieshofet.com\/\">ANNEMARIE SHOFET<\/a><\/h2>\t\t<\/div>\n\t\t\t\t<\/div>\n\t\t\t\t\t<\/div>\n\t\t\t\t<\/div>\n\t\t<div class=\"elementor-element elementor-element-96619c1 e-flex e-con-boxed e-con e-parent\" data-id=\"96619c1\" data-element_type=\"container\" data-settings=\"{&quot;_ob_use_container_extras&quot;:&quot;no&quot;,&quot;_ob_column_hoveranimator&quot;:&quot;no&quot;,&quot;_ob_glider_is_slider&quot;:&quot;no&quot;,&quot;_ob_column_has_pseudo&quot;:&quot;no&quot;}\">\n\t\t\t\t\t<div class=\"e-con-inner\">\n\t\t\t\t<div class=\"elementor-element elementor-element-120234f ob-harakiri-inherit ob-has-background-overlay elementor-widget elementor-widget-text-editor\" data-id=\"120234f\" data-element_type=\"widget\" data-settings=\"{&quot;_ob_use_harakiri&quot;:&quot;yes&quot;,&quot;_ob_harakiri_writing_mode&quot;:&quot;inherit&quot;,&quot;_ob_postman_use&quot;:&quot;no&quot;,&quot;_ob_perspektive_use&quot;:&quot;no&quot;,&quot;_ob_poopart_use&quot;:&quot;yes&quot;,&quot;_ob_shadough_use&quot;:&quot;no&quot;,&quot;_ob_allow_hoveranimator&quot;:&quot;no&quot;,&quot;_ob_widget_stalker_use&quot;:&quot;no&quot;}\" data-widget_type=\"text-editor.default\">\n\t\t\t\t<div class=\"elementor-widget-container\">\n\t\t\t\t\t\t\t<p data-start=\"149\" data-end=\"231\"><strong data-start=\"149\" data-end=\"162\">Impressum<\/strong><br data-start=\"162\" data-end=\"165\" \/>Annemarie Wawrzyniak \/ Shofet<br data-start=\"194\" data-end=\"197\" \/>Brunnenstra\u00dfe 115<br data-start=\"214\" data-end=\"217\" \/>13355 Berlin<\/p><p data-start=\"233\" data-end=\"331\">E-Mail: <a class=\"cursor-pointer\" rel=\"noopener\" data-start=\"241\" data-end=\"266\">hello@annemarieshofet.com<\/a><br data-start=\"266\" data-end=\"269\" \/>Web: <a class=\"\" href=\"http:\/\/www.annemarieshofet.com\" target=\"_new\" rel=\"noopener\" data-start=\"274\" data-end=\"331\">www.annemarieshofet.com<\/a><\/p><p data-start=\"333\" data-end=\"407\">Einzelunternehmen<br data-start=\"350\" data-end=\"353\" \/>Vertretungsberechtigt: Annemarie Wawrzyniak \/ Shofet<\/p><hr data-start=\"409\" data-end=\"412\" \/><p data-start=\"414\" data-end=\"991\"><strong data-start=\"414\" data-end=\"427\">Copyright<\/strong><br data-start=\"427\" data-end=\"430\" \/>Copyright \u00a9 2025 by Annemarie Wawrzyniak \/ Shofet<br data-start=\"479\" data-end=\"482\" \/>Alle Rechte vorbehalten.<br data-start=\"506\" data-end=\"509\" \/>Alle Texte, Abbildungen und Verweise sowie das Design dieser Website unterliegen dem Urheberrecht und allen anderen Gesetzen zum Schutz des geistigen Eigentums.<br data-start=\"669\" data-end=\"672\" \/>Eine Verwendung, auch auszugsweise, ist ohne schriftliche Genehmigung durch Annemarie Wawrzyniak \/ Shofet urheberrechtswidrig und kann strafrechtlich verfolgt werden.<br data-start=\"838\" data-end=\"841\" \/>Dies gilt f\u00fcr jegliche Form der Verarbeitung, Vervielf\u00e4ltigung oder Verbreitung in allen Medien, insbesondere unter Verwendung elektronischer Systeme.<\/p><hr data-start=\"993\" data-end=\"996\" \/><p data-start=\"998\" data-end=\"1912\"><strong data-start=\"998\" data-end=\"1020\">Haftungsausschluss<\/strong><br data-start=\"1020\" data-end=\"1023\" \/>Alle Inhalte dieser Website wurden mit gr\u00f6\u00dfter Sorgfalt erstellt. F\u00fcr die Richtigkeit, Vollst\u00e4ndigkeit und Aktualit\u00e4t der Inhalte kann jedoch keine Gew\u00e4hr \u00fcbernommen werden.<br data-start=\"1196\" data-end=\"1199\" \/>Als Diensteanbieter sind wir gem\u00e4\u00df \u00a7 7 Abs. 1 TMG f\u00fcr eigene Inhalte auf diesen Seiten nach den allgemeinen Gesetzen verantwortlich.<br data-start=\"1331\" data-end=\"1334\" \/>Nach \u00a7\u00a7 8 bis 10 TMG sind wir als Diensteanbieter jedoch nicht verpflichtet, \u00fcbermittelte oder gespeicherte fremde Informationen zu \u00fcberwachen oder nach Umst\u00e4nden zu forschen, die auf eine rechtswidrige T\u00e4tigkeit hinweisen.<br data-start=\"1557\" data-end=\"1560\" \/>Verpflichtungen zur Entfernung oder Sperrung der Nutzung von Informationen nach den allgemeinen Gesetzen bleiben hiervon unber\u00fchrt.<br data-start=\"1691\" data-end=\"1694\" \/>Eine diesbez\u00fcgliche Haftung ist jedoch erst ab dem Zeitpunkt der Kenntnis einer konkreten Rechtsverletzung m\u00f6glich.<br data-start=\"1809\" data-end=\"1812\" \/>Bei Bekanntwerden von entsprechenden Rechtsverletzungen werden wir diese Inhalte umgehend entfernen.<\/p><p data-start=\"1914\" data-end=\"2583\">Diese Website enth\u00e4lt ggf. Links zu externen Webseiten Dritter, auf deren Inhalte wir keinen Einfluss haben.<br data-start=\"2022\" data-end=\"2025\" \/>Deshalb \u00fcbernehmen wir f\u00fcr diese fremden Inhalte auch keine Gew\u00e4hr.<br data-start=\"2092\" data-end=\"2095\" \/>F\u00fcr die Inhalte der verlinkten Seiten ist stets der jeweilige Anbieter oder Betreiber verantwortlich.<br data-start=\"2196\" data-end=\"2199\" \/>Zum Zeitpunkt der Verlinkung wurden die Seiten auf m\u00f6gliche Rechtsverst\u00f6\u00dfe \u00fcberpr\u00fcft.<br data-start=\"2284\" data-end=\"2287\" \/>Rechtswidrige Inhalte waren zum Zeitpunkt der Verlinkung nicht erkennbar.<br data-start=\"2360\" data-end=\"2363\" \/>Eine permanente inhaltliche Kontrolle der verlinkten Seiten ist ohne konkrete Anhaltspunkte einer Rechtsverletzung nicht zumutbar.<br data-start=\"2493\" data-end=\"2496\" \/>Bei Bekanntwerden von Rechtsverletzungen werden wir derartige Links umgehend entfernen.<\/p><hr data-start=\"2585\" data-end=\"2588\" \/><p data-start=\"2590\" data-end=\"2949\"><strong data-start=\"2590\" data-end=\"2605\">Datenschutz<\/strong><br data-start=\"2605\" data-end=\"2608\" \/>Die Nutzung unserer Webseite ist in der Regel ohne Angabe personenbezogener Daten m\u00f6glich.<br data-start=\"2698\" data-end=\"2701\" \/>Soweit auf unseren Seiten personenbezogene Daten (beispielsweise Name, Anschrift oder E-Mail-Adressen) erhoben werden, erfolgt dies stets auf freiwilliger Basis.<br data-start=\"2862\" data-end=\"2865\" \/>Diese Daten werden ohne Ihre ausdr\u00fcckliche Zustimmung nicht an Dritte weitergegeben.<\/p><p data-start=\"2951\" data-end=\"3169\">Wir weisen darauf hin, dass die Daten\u00fcbertragung im Internet (z.\u202fB. bei der Kommunikation per E-Mail) Sicherheitsl\u00fccken aufweisen kann.<br data-start=\"3086\" data-end=\"3089\" \/>Ein l\u00fcckenloser Schutz der Daten vor dem Zugriff durch Dritte ist nicht m\u00f6glich.<\/p><p data-start=\"3171\" data-end=\"3555\">Der Nutzung von im Rahmen der Impressumspflicht ver\u00f6ffentlichten Kontaktdaten durch Dritte zur \u00dcbersendung von nicht ausdr\u00fccklich angeforderter Werbung und Informationsmaterialien wird hiermit ausdr\u00fccklich widersprochen.<br data-start=\"3391\" data-end=\"3394\" \/>Die Betreiber der Seiten behalten sich ausdr\u00fccklich rechtliche Schritte im Falle der unverlangten Zusendung von Werbeinformationen, etwa durch Spam-E-Mails, vor.<\/p><hr data-start=\"3557\" data-end=\"3560\" \/><p data-start=\"3562\" data-end=\"3974\"><strong data-start=\"3562\" data-end=\"3586\">Cookies und Tracking<\/strong><br data-start=\"3586\" data-end=\"3589\" \/>Diese Website kann Cookies verwenden, um wiederkehrende Nutzer zu erkennen und die Nutzung zu analysieren.<br data-start=\"3695\" data-end=\"3698\" \/>Cookies sind kleine Textdateien, die Ihr Browser auf Ihrem Endger\u00e4t speichert.<br data-start=\"3776\" data-end=\"3779\" \/>Sie dienen der Verbesserung des Nutzererlebnisses.<br data-start=\"3829\" data-end=\"3832\" \/>Sie k\u00f6nnen das Setzen von Cookies in den Einstellungen Ihres Browsers verhindern, was jedoch die Funktionalit\u00e4t der Website einschr\u00e4nken kann.<\/p>\t\t\t\t\t\t<\/div>\n\t\t\t\t<\/div>\n\t\t\t\t\t<\/div>\n\t\t\t\t<\/div>\n\t\t\t\t<\/div>\n\t\t","protected":false},"excerpt":{"rendered":"<p>ABOUT IMPRESSUM ANNEMARIE SHOFET ImpressumAnnemarie Wawrzyniak \/ ShofetBrunnenstra\u00dfe 11513355 Berlin E-Mail: hello@annemarieshofet.comWeb: www.annemarieshofet.com EinzelunternehmenVertretungsberechtigt: Annemarie Wawrzyniak \/ Shofet CopyrightCopyright \u00a9 2025 by Annemarie Wawrzyniak \/ ShofetAlle Rechte vorbehalten.Alle Texte, Abbildungen und Verweise sowie das Design dieser Website unterliegen dem Urheberrecht und allen anderen Gesetzen zum Schutz des geistigen Eigentums.Eine Verwendung, auch auszugsweise, ist ohne schriftliche [&hellip;]<\/p>\n","protected":false},"author":1,"featured_media":0,"parent":0,"menu_order":0,"comment_status":"closed","ping_status":"closed","template":"elementor_canvas","meta":{"_acf_changed":false,"footnotes":""},"class_list":["post-148","page","type-page","status-publish","hentry"],"acf":[],"_links":{"self":[{"href":"https:\/\/annemarieshofet.com\/index.php?rest_route=\/wp\/v2\/pages\/148","targetHints":{"allow":["GET"]}}],"collection":[{"href":"https:\/\/annemarieshofet.com\/index.php?rest_route=\/wp\/v2\/pages"}],"about":[{"href":"https:\/\/annemarieshofet.com\/index.php?rest_route=\/wp\/v2\/types\/page"}],"author":[{"embeddable":true,"href":"https:\/\/annemarieshofet.com\/index.php?rest_route=\/wp\/v2\/users\/1"}],"replies":[{"embeddable":true,"href":"https:\/\/annemarieshofet.com\/index.php?rest_route=%2Fwp%2Fv2%2Fcomments&post=148"}],"version-history":[{"count":17,"href":"https:\/\/annemarieshofet.com\/index.php?rest_route=\/wp\/v2\/pages\/148\/revisions"}],"predecessor-version":[{"id":274,"href":"https:\/\/annemarieshofet.com\/index.php?rest_route=\/wp\/v2\/pages\/148\/revisions\/274"}],"wp:attachment":[{"href":"https:\/\/annemarieshofet.com\/index.php?rest_route=%2Fwp%2Fv2%2Fmedia&parent=148"}],"curies":[{"name":"wp","href":"https:\/\/api.w.org\/{rel}","templated":true}]}}